{"id":90180,"date":"2023-05-08T15:01:33","date_gmt":"2023-05-08T18:01:33","guid":{"rendered":"https:\/\/www.belezanaweb.com.br\/loucas-por-beleza\/?page_id=90180"},"modified":"2023-05-31T14:35:53","modified_gmt":"2023-05-31T17:35:53","slug":"mais-lidas","status":"publish","type":"page","link":"https:\/\/www.belezanaweb.com.br\/loucas-por-beleza\/mais-lidas\/","title":{"rendered":"Mais lidas"},"content":{"rendered":"","protected":false},"excerpt":{"rendered":"","protected":false},"author":319,"featured_media":0,"parent":0,"menu_order":0,"comment_status":"closed","ping_status":"closed","template":"page-modules.php","meta":{"_cloudinary_featured_overwrite":false,"footnotes":""},"class_list":["post-90180","page","type-page","status-publish","hentry"],"yoast_head":"<!-- This site is optimized with the Yoast SEO Premium plugin v27.0 (Yoast SEO v27.5) - https:\/\/yoast.com\/product\/yoast-seo-premium-wordpress\/ -->\n<title>Mais lidas - Beleza na Web<\/title>\n<meta name=\"robots\" content=\"index, follow, max-snippet:-1, max-image-preview:large, max-video-preview:-1\" \/>\n<link rel=\"canonical\" href=\"https:\/\/www.belezanaweb.com.br\/loucas-por-beleza\/mais-lidas\/\" \/>\n<meta property=\"og:locale\" content=\"pt_BR\" \/>\n<meta property=\"og:type\" content=\"article\" \/>\n<meta property=\"og:title\" content=\"Mais lidas\" \/>\n<meta property=\"og:url\" content=\"https:\/\/www.belezanaweb.com.br\/loucas-por-beleza\/mais-lidas\/\" \/>\n<meta property=\"og:site_name\" content=\"Beleza na Web\" \/>\n<meta property=\"article:publisher\" content=\"https:\/\/www.facebook.com\/belezanaweb\" \/>\n<meta property=\"article:modified_time\" content=\"2023-05-31T17:35:53+00:00\" \/>\n<meta name=\"twitter:card\" content=\"summary_large_image\" \/>\n<script type=\"application\/ld+json\" class=\"yoast-schema-graph\">{\"@context\":\"https:\\\/\\\/schema.org\",\"@graph\":[{\"@type\":\"WebPage\",\"@id\":\"https:\\\/\\\/www.belezanaweb.com.br\\\/loucas-por-beleza\\\/mais-lidas\\\/\",\"url\":\"https:\\\/\\\/www.belezanaweb.com.br\\\/loucas-por-beleza\\\/mais-lidas\\\/\",\"name\":\"Mais lidas - Beleza na Web\",\"isPartOf\":{\"@id\":\"https:\\\/\\\/www.belezanaweb.com.br\\\/loucas-por-beleza\\\/#website\"},\"datePublished\":\"2023-05-08T18:01:33+00:00\",\"dateModified\":\"2023-05-31T17:35:53+00:00\",\"breadcrumb\":{\"@id\":\"https:\\\/\\\/www.belezanaweb.com.br\\\/loucas-por-beleza\\\/mais-lidas\\\/#breadcrumb\"},\"inLanguage\":\"pt-BR\",\"potentialAction\":[{\"@type\":\"ReadAction\",\"target\":[\"https:\\\/\\\/www.belezanaweb.com.br\\\/loucas-por-beleza\\\/mais-lidas\\\/\"]}]},{\"@type\":\"BreadcrumbList\",\"@id\":\"https:\\\/\\\/www.belezanaweb.com.br\\\/loucas-por-beleza\\\/mais-lidas\\\/#breadcrumb\",\"itemListElement\":[{\"@type\":\"ListItem\",\"position\":1,\"name\":\"In\u00edcio\",\"item\":\"https:\\\/\\\/www.belezanaweb.com.br\\\/loucas-por-beleza\\\/\"},{\"@type\":\"ListItem\",\"position\":2,\"name\":\"Mais lidas\"}]},{\"@type\":\"WebSite\",\"@id\":\"https:\\\/\\\/www.belezanaweb.com.br\\\/loucas-por-beleza\\\/#website\",\"url\":\"https:\\\/\\\/www.belezanaweb.com.br\\\/loucas-por-beleza\\\/\",\"name\":\"Beleza na Web\",\"description\":\"Loucas por Beleza \u00e9 o portal de conte\u00fado da Beleza na Web e traz guias, not\u00edcias e dicas dos experts sobre cabelo, maquiagem, perfumes e mais!\",\"publisher\":{\"@id\":\"https:\\\/\\\/www.belezanaweb.com.br\\\/loucas-por-beleza\\\/#organization\"},\"potentialAction\":[{\"@type\":\"SearchAction\",\"target\":{\"@type\":\"EntryPoint\",\"urlTemplate\":\"https:\\\/\\\/www.belezanaweb.com.br\\\/loucas-por-beleza\\\/?s={search_term_string}\"},\"query-input\":{\"@type\":\"PropertyValueSpecification\",\"valueRequired\":true,\"valueName\":\"search_term_string\"}}],\"inLanguage\":\"pt-BR\"},{\"@type\":\"Organization\",\"@id\":\"https:\\\/\\\/www.belezanaweb.com.br\\\/loucas-por-beleza\\\/#organization\",\"name\":\"Loucas por Beleza\",\"url\":\"https:\\\/\\\/www.belezanaweb.com.br\\\/loucas-por-beleza\\\/\",\"logo\":{\"@type\":\"ImageObject\",\"inLanguage\":\"pt-BR\",\"@id\":\"https:\\\/\\\/www.belezanaweb.com.br\\\/loucas-por-beleza\\\/#\\\/schema\\\/logo\\\/image\\\/\",\"url\":\"https:\\\/\\\/loucas.belezanaweb.com.br\\\/content\\\/uploads\\\/sites\\\/1\\\/2016\\\/08\\\/logo-loucas-por-beleza.png\",\"contentUrl\":\"https:\\\/\\\/loucas.belezanaweb.com.br\\\/content\\\/uploads\\\/sites\\\/1\\\/2016\\\/08\\\/logo-loucas-por-beleza.png\",\"width\":1000,\"height\":1000,\"caption\":\"Loucas por Beleza\"},\"image\":{\"@id\":\"https:\\\/\\\/www.belezanaweb.com.br\\\/loucas-por-beleza\\\/#\\\/schema\\\/logo\\\/image\\\/\"},\"sameAs\":[\"https:\\\/\\\/www.facebook.com\\\/belezanaweb\",\"https:\\\/\\\/www.tiktok.com\\\/@belezanaweb\"]}]}<\/script>\n<!-- \/ Yoast SEO Premium plugin. -->","yoast_head_json":{"title":"Mais lidas - Beleza na Web","robots":{"index":"index","follow":"follow","max-snippet":"max-snippet:-1","max-image-preview":"max-image-preview:large","max-video-preview":"max-video-preview:-1"},"canonical":"https:\/\/www.belezanaweb.com.br\/loucas-por-beleza\/mais-lidas\/","og_locale":"pt_BR","og_type":"article","og_title":"Mais lidas","og_url":"https:\/\/www.belezanaweb.com.br\/loucas-por-beleza\/mais-lidas\/","og_site_name":"Beleza na Web","article_publisher":"https:\/\/www.facebook.com\/belezanaweb","article_modified_time":"2023-05-31T17:35:53+00:00","twitter_card":"summary_large_image","schema":{"@context":"https:\/\/schema.org","@graph":[{"@type":"WebPage","@id":"https:\/\/www.belezanaweb.com.br\/loucas-por-beleza\/mais-lidas\/","url":"https:\/\/www.belezanaweb.com.br\/loucas-por-beleza\/mais-lidas\/","name":"Mais lidas - Beleza na Web","isPartOf":{"@id":"https:\/\/www.belezanaweb.com.br\/loucas-por-beleza\/#website"},"datePublished":"2023-05-08T18:01:33+00:00","dateModified":"2023-05-31T17:35:53+00:00","breadcrumb":{"@id":"https:\/\/www.belezanaweb.com.br\/loucas-por-beleza\/mais-lidas\/#breadcrumb"},"inLanguage":"pt-BR","potentialAction":[{"@type":"ReadAction","target":["https:\/\/www.belezanaweb.com.br\/loucas-por-beleza\/mais-lidas\/"]}]},{"@type":"BreadcrumbList","@id":"https:\/\/www.belezanaweb.com.br\/loucas-por-beleza\/mais-lidas\/#breadcrumb","itemListElement":[{"@type":"ListItem","position":1,"name":"In\u00edcio","item":"https:\/\/www.belezanaweb.com.br\/loucas-por-beleza\/"},{"@type":"ListItem","position":2,"name":"Mais lidas"}]},{"@type":"WebSite","@id":"https:\/\/www.belezanaweb.com.br\/loucas-por-beleza\/#website","url":"https:\/\/www.belezanaweb.com.br\/loucas-por-beleza\/","name":"Beleza na Web","description":"Loucas por Beleza \u00e9 o portal de conte\u00fado da Beleza na Web e traz guias, not\u00edcias e dicas dos experts sobre cabelo, maquiagem, perfumes e mais!","publisher":{"@id":"https:\/\/www.belezanaweb.com.br\/loucas-por-beleza\/#organization"},"potentialAction":[{"@type":"SearchAction","target":{"@type":"EntryPoint","urlTemplate":"https:\/\/www.belezanaweb.com.br\/loucas-por-beleza\/?s={search_term_string}"},"query-input":{"@type":"PropertyValueSpecification","valueRequired":true,"valueName":"search_term_string"}}],"inLanguage":"pt-BR"},{"@type":"Organization","@id":"https:\/\/www.belezanaweb.com.br\/loucas-por-beleza\/#organization","name":"Loucas por Beleza","url":"https:\/\/www.belezanaweb.com.br\/loucas-por-beleza\/","logo":{"@type":"ImageObject","inLanguage":"pt-BR","@id":"https:\/\/www.belezanaweb.com.br\/loucas-por-beleza\/#\/schema\/logo\/image\/","url":"https:\/\/loucas.belezanaweb.com.br\/content\/uploads\/sites\/1\/2016\/08\/logo-loucas-por-beleza.png","contentUrl":"https:\/\/loucas.belezanaweb.com.br\/content\/uploads\/sites\/1\/2016\/08\/logo-loucas-por-beleza.png","width":1000,"height":1000,"caption":"Loucas por Beleza"},"image":{"@id":"https:\/\/www.belezanaweb.com.br\/loucas-por-beleza\/#\/schema\/logo\/image\/"},"sameAs":["https:\/\/www.facebook.com\/belezanaweb","https:\/\/www.tiktok.com\/@belezanaweb"]}]}},"_links":{"self":[{"href":"https:\/\/loucas.belezanaweb.com.br\/wp-json\/wp\/v2\/pages\/90180","targetHints":{"allow":["GET"]}}],"collection":[{"href":"https:\/\/loucas.belezanaweb.com.br\/wp-json\/wp\/v2\/pages"}],"about":[{"href":"https:\/\/loucas.belezanaweb.com.br\/wp-json\/wp\/v2\/types\/page"}],"author":[{"embeddable":true,"href":"https:\/\/loucas.belezanaweb.com.br\/wp-json\/wp\/v2\/users\/319"}],"replies":[{"embeddable":true,"href":"https:\/\/loucas.belezanaweb.com.br\/wp-json\/wp\/v2\/comments?post=90180"}],"version-history":[{"count":3,"href":"https:\/\/loucas.belezanaweb.com.br\/wp-json\/wp\/v2\/pages\/90180\/revisions"}],"predecessor-version":[{"id":90224,"href":"https:\/\/loucas.belezanaweb.com.br\/wp-json\/wp\/v2\/pages\/90180\/revisions\/90224"}],"wp:attachment":[{"href":"https:\/\/loucas.belezanaweb.com.br\/wp-json\/wp\/v2\/media?parent=90180"}],"curies":[{"name":"wp","href":"https:\/\/api.w.org\/{rel}","templated":true}]}}